{"id":21,"date":"2016-06-02T12:19:20","date_gmt":"2016-06-02T12:19:20","guid":{"rendered":"https:\/\/m-richayakkabi.com\/?page_id=21"},"modified":"2023-07-02T23:03:10","modified_gmt":"2023-07-02T20:03:10","slug":"hakkimizda","status":"publish","type":"page","link":"https:\/\/m-richayakkabi.com\/?page_id=21","title":{"rendered":"HAKKIMIZDA"},"content":{"rendered":"<p>[vc_row][vc_column][vc_empty_space height=&#8221;1em&#8221;]<div class=\"sc_section sc_section_block margin_top_huge aligncenter\"><div class=\"sc_section_inner\"><div class=\"sc_section_content_wrap\"><figure class=\"sc_image  sc_image_shape_square margin_top_medium\"><img decoding=\"async\" src=\"https:\/\/m-richayakkabi.com\/wp-content\/uploads\/2023\/07\/about.png\" alt=\"about\" \/><\/figure><\/div><\/div><\/div><h3 class=\"sc_title sc_title_regular sc_align_center margin_top_large margin_bottom_small\" style=\"text-align:center;\">Biz Kimiz?<\/h3><div class=\"sc_section sc_section_block  aligncenter\"><div class=\"sc_section_inner\"><div class=\"sc_section_content_wrap\">[vc_column_text]<\/p>\n<div>\n<div>Hakk\u0131nda:<\/div>\n<div>M-Rich Ayakkab\u0131, 2022 y\u0131l\u0131nda kurulan dinamik ve yenilik\u00e7i bir ayakkab\u0131 \u00fcreticisidir. Firma, ayakkab\u0131 sekt\u00f6r\u00fcnde m\u00fc\u015fterilere en kaliteli \u00fcr\u00fcnleri sunmay\u0131 ve sekt\u00f6rde \u00f6nc\u00fc bir marka olmay\u0131 hedeflemektedir. M\u00fc\u015fteri memnuniyetini ve s\u00fcrekli geli\u015fimi odak alan firma, kalite, tasar\u0131m ve \u00e7evresel sorumluluk ilkelerini benimsemi\u015ftir.<\/div>\n<div>Vizyon:<\/div>\n<div>M-Rich Ayakkab\u0131&#8217;n\u0131n vizyonu, sekt\u00f6rdeki \u00f6nc\u00fc konumunu g\u00fc\u00e7lendirerek m\u00fc\u015fterilerine yarat\u0131c\u0131, konforlu ve kaliteli ayakkab\u0131lar sunmakt\u0131r. Firma, s\u00fcrekli olarak yeni trendleri takip ederek ve m\u00fc\u015fteri beklentilerini a\u015fan \u00fcr\u00fcnler sunarak sekt\u00f6rde fark yaratmay\u0131 hedeflemektedir. Ayn\u0131 zamanda, yenilik\u00e7i teknolojileri kullanarak \u00fcretim s\u00fcre\u00e7lerini optimize etmek ve s\u00fcrd\u00fcr\u00fclebilirlik ilkelerine uygun bir \u015fekilde faaliyet g\u00f6stermek de firma vizyonunun bir par\u00e7as\u0131d\u0131r.<\/div>\n<div>Misyon:<\/div>\n<div>M-Rich Ayakkab\u0131&#8217;n\u0131n misyonu, m\u00fc\u015fterilere y\u00fcksek kaliteli ayakkab\u0131lar sunmak ve onlar\u0131n hayatlar\u0131na de\u011fer katmakt\u0131r. Firma, m\u00fc\u015fteri memnuniyetini en \u00fcst d\u00fczeyde tutmay\u0131 ve onlar\u0131n ihtiya\u00e7lar\u0131n\u0131 kar\u015f\u0131lamay\u0131 ama\u00e7lamaktad\u0131r. Bu do\u011frultuda, i\u015fbirli\u011fi ve yenilik\u00e7ilik ruhuyla \u00e7al\u0131\u015farak, tasar\u0131m, konfor ve dayan\u0131kl\u0131l\u0131\u011f\u0131 bir araya getiren ayakkab\u0131lar \u00fcretmeyi hedeflemektedir. Ayr\u0131ca, \u00e7evresel s\u00fcrd\u00fcr\u00fclebilirlik konusunda da sorumluluklar\u0131n\u0131 yerine getirerek, topluma ve do\u011faya katk\u0131da bulunmay\u0131 ama\u00e7lamaktad\u0131r.<\/div>\n<div>M-Rich Ayakkab\u0131, kaliteli \u00fcr\u00fcnler, m\u00fc\u015fteri odakl\u0131 yakla\u015f\u0131m ve s\u00fcrd\u00fcr\u00fclebilirlik prensipleriyle sekt\u00f6rde g\u00fcvenilir bir marka olarak yoluna devam etmektedir.<\/div>\n<\/div>\n<p>[\/vc_column_text]<\/div><\/div><\/div>[\/vc_column][\/vc_row][vc_row full_width=&#8221;stretch_row_content_no_spaces&#8221;][vc_column]<div class=\"sc_line sc_line_position_center_center sc_line_style_solid margin_bottom_null\" style=\"border-top-width:1px;border-top-style:solid;border-top-color:#ececec;\"><\/div>[\/vc_column][\/vc_row][vc_row][vc_column]<div id=\"sc_skills_diagram_2012260845\" class=\"sc_skills sc_skills_pie sc_skills_compact_off margin_top_medium margin_bottom_huge\" data-type=\"pie\" data-caption=\"Skills\"><h2 class=\"sc_skills_title sc_item_title sc_item_title_wo_desc\">\u00d6zellikler<\/h2><div class=\"columns_wrap sc_skills_columns sc_skills_columns_5\"><div class=\"sc_skills_column column-1_5\"><div class=\"sc_skills_item sc_skills_style_1 odd first\"><canvas id=\"sc_skills_canvas_847982487_canvas\"><\/canvas><div class=\"sc_skills_total\" data-start=\"0\" data-stop=\"95\" data-step=\"1\" data-steps=\"100\" data-max=\"100\" data-speed=\"19\" data-duration=\"1805\" data-color=\"#f2ab3c\" data-bg_color=\"#ffffff\" data-border_color=\"#d8d8d8\" data-cutout=\"97\" data-easing=\"easeOutCirc\" data-ed=\"%\">0%<\/div><\/div><div class=\"sc_skills_info\"><div class=\"sc_skills_label\">Kalite<\/div><\/div><\/div><div class=\"sc_skills_column column-1_5\"><div class=\"sc_skills_item sc_skills_style_1 even\"><canvas id=\"sc_skills_canvas_379540971_canvas\"><\/canvas><div class=\"sc_skills_total\" data-start=\"0\" data-stop=\"98\" data-step=\"1\" data-steps=\"100\" data-max=\"100\" data-speed=\"13\" data-duration=\"1274\" data-color=\"#f2ab3c\" data-bg_color=\"#ffffff\" data-border_color=\"#d8d8d8\" data-cutout=\"97\" data-easing=\"easeOutCirc\" data-ed=\"%\">0%<\/div><\/div><div class=\"sc_skills_info\"><div class=\"sc_skills_label\">Konfor<\/div><\/div><\/div><div class=\"sc_skills_column column-1_5\"><div class=\"sc_skills_item sc_skills_style_1 odd\"><canvas id=\"sc_skills_canvas_851312679_canvas\"><\/canvas><div class=\"sc_skills_total\" data-start=\"0\" data-stop=\"85\" data-step=\"1\" data-steps=\"100\" data-max=\"100\" data-speed=\"31\" data-duration=\"2635\" data-color=\"#f2ab3c\" data-bg_color=\"#ffffff\" data-border_color=\"#d8d8d8\" data-cutout=\"97\" data-easing=\"easeOutCirc\" data-ed=\"%\">0%<\/div><\/div><div class=\"sc_skills_info\"><div class=\"sc_skills_label\">Tasar\u0131m<\/div><\/div><\/div><div class=\"sc_skills_column column-1_5\"><div class=\"sc_skills_item sc_skills_style_1 even\"><canvas id=\"sc_skills_canvas_717807808_canvas\"><\/canvas><div class=\"sc_skills_total\" data-start=\"0\" data-stop=\"90\" data-step=\"1\" data-steps=\"100\" data-max=\"100\" data-speed=\"37\" data-duration=\"3330\" data-color=\"#f2ab3c\" data-bg_color=\"#ffffff\" data-border_color=\"#d8d8d8\" data-cutout=\"97\" data-easing=\"easeOutCirc\" data-ed=\"%\">0%<\/div><\/div><div class=\"sc_skills_info\"><div class=\"sc_skills_label\">Yenilik\u00e7i<\/div><\/div><\/div><div class=\"sc_skills_column column-1_5\"><div class=\"sc_skills_item sc_skills_style_1 odd\"><canvas id=\"sc_skills_canvas_2078230574_canvas\"><\/canvas><div class=\"sc_skills_total\" data-start=\"0\" data-stop=\"95\" data-step=\"1\" data-steps=\"100\" data-max=\"100\" data-speed=\"40\" data-duration=\"3800\" data-color=\"#f2ab3c\" data-bg_color=\"#ffffff\" data-border_color=\"#d8d8d8\" data-cutout=\"97\" data-easing=\"easeOutCirc\" data-ed=\"%\">0%<\/div><\/div><div class=\"sc_skills_info\"><div class=\"sc_skills_label\">S\u00fcrd\u00fcrebilirlik<\/div><\/div><\/div><\/div><\/div>[\/vc_column][\/vc_row][vc_row full_width=&#8221;stretch_row&#8221; css=&#8221;.vc_custom_1465202997658{background-color: #f5f5f5 !important;}&#8221;][vc_column][vc_empty_space height=&#8221;0.5em&#8221;]<div id=\"sc_testimonials_1913249875\" class=\"sc_testimonials sc_testimonials_style_testimonials-1  margin_top_extra margin_bottom_huge\" style=\"width:100%;\"><div class=\"sc_slider_swiper swiper-slider-container sc_slider_nopagination sc_slider_controls sc_slider_controls_side\" data-interval=\"5880\" data-slides-min-width=\"250\"><div class=\"slides swiper-wrapper\"><div class=\"swiper-slide\" data-style=\"width:100%;\" style=\"width:100%;\">\t\t\t<div id=\"sc_testimonials_1913249875_1\" class=\"sc_testimonial_item\">\n\t\t\t\t<div class=\"sc_testimonial_content\"><p>\u0130yi bir \u00e7ift ayakkab\u0131, insan\u0131n kendine g\u00fcvenini art\u0131r\u0131r.<\/p><\/div>\n\t\t\t\t\t\t\t\t\t\t\t\t<div class=\"sc_testimonial_author\"><span class=\"sc_testimonial_author_name\">Hanya Yanagihara<\/span><\/div>\n\t\t\t\t\t\t\t<\/div>\n\t\t<\/div><div class=\"swiper-slide\" data-style=\"width:100%;\" style=\"width:100%;\">\t\t\t<div id=\"sc_testimonials_1913249875_2\" class=\"sc_testimonial_item\">\n\t\t\t\t<div class=\"sc_testimonial_content\"><p>Kaliteli ayakkab\u0131lar giymek, stilinizi tamamlaman\u0131n en iyi yoludur.<\/p><\/div>\n\t\t\t\t\t\t\t\t\t\t\t\t<div class=\"sc_testimonial_author\"><span class=\"sc_testimonial_author_name\">Marc Jacobs<\/span><\/div>\n\t\t\t\t\t\t\t<\/div>\n\t\t<\/div><div class=\"swiper-slide\" data-style=\"width:100%;\" style=\"width:100%;\">\t\t\t<div id=\"sc_testimonials_1913249875_3\" class=\"sc_testimonial_item\">\n\t\t\t\t<div class=\"sc_testimonial_content\"><p>Sonsuza kadar giyece\u011finiz tek \u015fey, kendinizi rahat hissettirecek ayakkab\u0131lar\u0131n\u0131zd\u0131r.<\/p><\/div>\n\t\t\t\t\t\t\t\t\t\t\t\t<div class=\"sc_testimonial_author\"><span class=\"sc_testimonial_author_name\">Tamara Mellon<\/span><\/div>\n\t\t\t\t\t\t\t<\/div>\n\t\t<\/div><\/div><div class=\"sc_slider_controls_wrap\"><a class=\"sc_slider_prev\" href=\"#\"><\/a><a class=\"sc_slider_next\" href=\"#\"><\/a><\/div><div class=\"sc_slider_pagination_wrap\"><\/div><\/div><\/div>[\/vc_column][\/vc_row]<\/p>\n","protected":false},"excerpt":{"rendered":"<p>[vc_row][vc_column][vc_empty_space height=&#8221;1em&#8221;][\/vc_column][\/vc_row][vc_row full_width=&#8221;stretch_row_content_no_spaces&#8221;][vc_column][\/vc_column][\/vc_row][vc_row][vc_column][\/vc_column][\/vc_row][vc_row full_width=&#8221;stretch_row&#8221; css=&#8221;.vc_custom_1465202997658{background-color: #f5f5f5 !important;}&#8221;][vc_column][vc_empty_space height=&#8221;0.5em&#8221;][\/vc_column][\/vc_row]<\/p>\n","protected":false},"author":1,"featured_media":0,"parent":0,"menu_order":0,"comment_status":"closed","ping_status":"closed","template":"","meta":{"_joinchat":[],"footnotes":""},"class_list":["post-21","page","type-page","status-publish","hentry"],"_links":{"self":[{"href":"https:\/\/m-richayakkabi.com\/index.php?rest_route=\/wp\/v2\/pages\/21","targetHints":{"allow":["GET"]}}],"collection":[{"href":"https:\/\/m-richayakkabi.com\/index.php?rest_route=\/wp\/v2\/pages"}],"about":[{"href":"https:\/\/m-richayakkabi.com\/index.php?rest_route=\/wp\/v2\/types\/page"}],"author":[{"embeddable":true,"href":"https:\/\/m-richayakkabi.com\/index.php?rest_route=\/wp\/v2\/users\/1"}],"replies":[{"embeddable":true,"href":"https:\/\/m-richayakkabi.com\/index.php?rest_route=%2Fwp%2Fv2%2Fcomments&post=21"}],"version-history":[{"count":3,"href":"https:\/\/m-richayakkabi.com\/index.php?rest_route=\/wp\/v2\/pages\/21\/revisions"}],"predecessor-version":[{"id":1612,"href":"https:\/\/m-richayakkabi.com\/index.php?rest_route=\/wp\/v2\/pages\/21\/revisions\/1612"}],"wp:attachment":[{"href":"https:\/\/m-richayakkabi.com\/index.php?rest_route=%2Fwp%2Fv2%2Fmedia&parent=21"}],"curies":[{"name":"wp","href":"https:\/\/api.w.org\/{rel}","templated":true}]}}