{"id":17,"date":"2016-06-02T12:18:54","date_gmt":"2016-06-02T12:18:54","guid":{"rendered":"https:\/\/m-richayakkabi.com\/?page_id=17"},"modified":"2023-07-03T01:09:08","modified_gmt":"2023-07-02T22:09:08","slug":"iletisim","status":"publish","type":"page","link":"https:\/\/m-richayakkabi.com\/?page_id=17","title":{"rendered":"\u0130LET\u0130\u015e\u0130M"},"content":{"rendered":"<p>[vc_row full_width=&#8221;stretch_row_content_no_spaces&#8221;][vc_column]<div id=\"sc_googlemap_957889604\" class=\"sc_googlemap\" style=\"width:100%;height:395px;\" data-zoom=\"10\" data-style=\"modern\"><iframe src=\"https:\/\/maps.google.com\/maps?t=m&output=embed&iwloc=near&z=10&q=M-Rich+Ayakkab%C4%B1\" scrolling=\"no\" marginheight=\"0\" marginwidth=\"0\" frameborder=\"0\"\r\n                    aria-label=\"\"><\/iframe><\/div>[\/vc_column][\/vc_row][vc_row][vc_column width=&#8221;1\/3&#8243;]<h3 class=\"sc_title sc_title_regular margin_top_extra margin_bottom_small\">\u0130LET\u0130\u015e\u0130M ADRES\u0130<\/h3>[vc_column_text el_class=&#8221;cf7&#8243;]<\/p>\n<h4>ADRES<\/h4>\n<p>Malko\u00e7o\u011flu mh. Eski Edirne Asfalt Cd.<br \/>\nNo:845\/A SULTANGAZ\u0130<\/p>\n<h4>MESA\u0130 SAATLER\u0130<\/h4>\n<p>Hafta i\u00e7i : 08: 00 &#8211; 18:00<br \/>\nCumartesi: 10:00 &#8211; 14:00<\/p>\n<h4>TEL<\/h4>\n<p>+90 537 615 32 24,<\/p>\n<h4>E-MA\u0130L<\/h4>\n<p>web@m-richayakkabi.com[\/vc_column_text]<div class=\"sc_socials sc_socials_type_icons sc_socials_shape_square sc_socials_size_tiny margin_top_tiny\"><div class=\"sc_socials_item\"><a href=\"https:\/\/twitter.com\/facebook\" target=\"_blank\" class=\"social_icons social_twitter\"><span class=\"icon-twitter\"><\/span><\/a><\/div><\/div>[\/vc_column][vc_column width=&#8221;2\/3&#8243;]<h3 class=\"sc_title sc_title_regular margin_top_extra margin_bottom_small\">B\u0130ZE YAZIN<\/h3>\n<div class=\"wpcf7 no-js\" id=\"wpcf7-f1059-o1\" lang=\"en-US\" dir=\"ltr\">\n<div class=\"screen-reader-response\"><p role=\"status\" aria-live=\"polite\" aria-atomic=\"true\"><\/p> <ul><\/ul><\/div>\n<form action=\"\/index.php?rest_route=%2Fwp%2Fv2%2Fpages%2F17#wpcf7-f1059-o1\" method=\"post\" class=\"wpcf7-form init\" aria-label=\"Contact form\" novalidate=\"novalidate\" data-status=\"init\">\n<div style=\"display: none;\">\n<input type=\"hidden\" name=\"_wpcf7\" value=\"1059\" \/>\n<input type=\"hidden\" name=\"_wpcf7_version\" value=\"5.7.7\" \/>\n<input type=\"hidden\" name=\"_wpcf7_locale\" value=\"en_US\" \/>\n<input type=\"hidden\" name=\"_wpcf7_unit_tag\" value=\"wpcf7-f1059-o1\" \/>\n<input type=\"hidden\" name=\"_wpcf7_container_post\" value=\"0\" \/>\n<input type=\"hidden\" name=\"_wpcf7_posted_data_hash\" value=\"\" \/>\n<\/div>\n<div class=\"flex\">\n\t<div class='itm row' >\n\t\t<p><span class=\"wpcf7-form-control-wrap\" data-name=\"your-name\"><input size=\"40\" class=\"wpcf7-form-control wpcf7-text wpcf7-validates-as-required\" aria-required=\"true\" aria-invalid=\"false\" placeholder=\"Your Name*\" value=\"\" type=\"text\" name=\"your-name\" \/><\/span>\n\t\t<\/p>\n\t<\/div>\n\t<div class='itm row'>\n\t\t<p><span class=\"wpcf7-form-control-wrap\" data-name=\"your-email\"><input size=\"40\" class=\"wpcf7-form-control wpcf7-text wpcf7-email wpcf7-validates-as-required wpcf7-validates-as-email\" aria-required=\"true\" aria-invalid=\"false\" placeholder=\"E-mail*\" value=\"\" type=\"email\" name=\"your-email\" \/><\/span>\n\t\t<\/p>\n\t<\/div>\n<\/div>\n<div>\n\t<p><span class=\"wpcf7-form-control-wrap\" data-name=\"your-message\"><textarea cols=\"40\" rows=\"10\" class=\"wpcf7-form-control wpcf7-textarea wpcf7-validates-as-required\" aria-required=\"true\" aria-invalid=\"false\" placeholder=\"Message*\" name=\"your-message\"><\/textarea><\/span>\n\t<\/p>\n<\/div>\n<div class=\"sc_form_field sc_form_field_button sc_form_field_submit\">\n\t<p><input class=\"wpcf7-form-control has-spinner wpcf7-submit\" type=\"submit\" value=\"Send  message\" \/>\n\t<\/p>\n<\/div><div class=\"wpcf7-response-output\" aria-hidden=\"true\"><\/div>\n<\/form>\n<\/div>\n[\/vc_column][\/vc_row]<\/p>\n","protected":false},"excerpt":{"rendered":"<p>[vc_row full_width=&#8221;stretch_row_content_no_spaces&#8221;][vc_column][\/vc_column][\/vc_row][vc_row][vc_column width=&#8221;1\/3&#8243;][vc_column_text el_class=&#8221;cf7&#8243;] ADRES Malko\u00e7o\u011flu mh. Eski Edirne Asfalt Cd. No:845\/A SULTANGAZ\u0130 MESA\u0130 SAATLER\u0130 Hafta i\u00e7i : 08: 00 &#8211; 18:00 Cumartesi: 10:00 &#8211; 14:00 TEL +90 537 615 32 24, E-MA\u0130L web@m-richayakkabi.com[\/vc_column_text][\/vc_column][vc_column width=&#8221;2\/3&#8243;][\/vc_column][\/vc_row]<\/p>\n","protected":false},"author":1,"featured_media":0,"parent":0,"menu_order":0,"comment_status":"closed","ping_status":"closed","template":"","meta":{"_joinchat":[],"footnotes":""},"class_list":["post-17","page","type-page","status-publish","hentry"],"_links":{"self":[{"href":"https:\/\/m-richayakkabi.com\/index.php?rest_route=\/wp\/v2\/pages\/17","targetHints":{"allow":["GET"]}}],"collection":[{"href":"https:\/\/m-richayakkabi.com\/index.php?rest_route=\/wp\/v2\/pages"}],"about":[{"href":"https:\/\/m-richayakkabi.com\/index.php?rest_route=\/wp\/v2\/types\/page"}],"author":[{"embeddable":true,"href":"https:\/\/m-richayakkabi.com\/index.php?rest_route=\/wp\/v2\/users\/1"}],"replies":[{"embeddable":true,"href":"https:\/\/m-richayakkabi.com\/index.php?rest_route=%2Fwp%2Fv2%2Fcomments&post=17"}],"version-history":[{"count":5,"href":"https:\/\/m-richayakkabi.com\/index.php?rest_route=\/wp\/v2\/pages\/17\/revisions"}],"predecessor-version":[{"id":1645,"href":"https:\/\/m-richayakkabi.com\/index.php?rest_route=\/wp\/v2\/pages\/17\/revisions\/1645"}],"wp:attachment":[{"href":"https:\/\/m-richayakkabi.com\/index.php?rest_route=%2Fwp%2Fv2%2Fmedia&parent=17"}],"curies":[{"name":"wp","href":"https:\/\/api.w.org\/{rel}","templated":true}]}}